{"id":21,"date":"2018-11-16T22:59:23","date_gmt":"2018-11-16T22:59:23","guid":{"rendered":"https:\/\/gpsites.co\/mellow\/?page_id=21"},"modified":"2022-12-06T08:17:34","modified_gmt":"2022-12-06T08:17:34","slug":"about","status":"publish","type":"page","link":"https:\/\/artnaia.com\/index.php\/about\/","title":{"rendered":"A propos"},"content":{"rendered":"<p>Je suis Katalina, Artisan d\u2019Art depuis les ann\u00e9es 2000, je peins sur tissus ainsi que sur tout support.<\/p>\n<p>Je fais \u00e9galement des colliers de coquillages et des bijoux fantaisies.<\/p>\n<p>Je suis n\u00e9e \u00e0 Wallis et j&#8217;ai v\u00e9cu 10 ans en Nouvelle Cal\u00e9donie. Malekalita, ma belle-s\u0153ur, m&#8217;a tout appris des secrets de la peinture traditionnelle sur tissu.<\/p>\n<p>J\u2019ai grandi dans la culture Wallisienne, musique et danses traditionnelles. <span style=\"font-size: inherit;\">Je suis li\u00e9e \u00e0 jamais au Fenua, d\u2019o\u00f9 l\u2019influence de mes inspiration.<\/span><\/p>\n","protected":false},"excerpt":{"rendered":"<p>Je suis Katalina, Artisan d\u2019Art depuis les ann\u00e9es 2000, je peins sur tissus ainsi que sur tout support. Je fais \u00e9galement des colliers de coquillages et des bijoux fantaisies. Je suis n\u00e9e \u00e0 Wallis et j&#8217;ai v\u00e9cu 10 ans en Nouvelle Cal\u00e9donie. Malekalita, ma belle-s\u0153ur, m&#8217;a tout appris des secrets de la peinture traditionnelle sur &#8230; <\/p>\n<p class=\"read-more-container\"><a title=\"A propos\" class=\"read-more button\" href=\"https:\/\/artnaia.com\/index.php\/about\/#more-21\" aria-label=\"More on A propos\">Read more<\/a><\/p>\n","protected":false},"author":1,"featured_media":137,"parent":0,"menu_order":0,"comment_status":"closed","ping_status":"closed","template":"","meta":{"inline_featured_image":false,"_monsterinsights_skip_tracking":false,"_monsterinsights_sitenote_active":false,"_monsterinsights_sitenote_note":"","_monsterinsights_sitenote_category":0,"footnotes":""},"class_list":{"0":"post-21","1":"page","2":"type-page","3":"status-publish","4":"has-post-thumbnail","6":"no-featured-image-padding"},"aioseo_notices":[],"_links":{"self":[{"href":"https:\/\/artnaia.com\/index.php\/wp-json\/wp\/v2\/pages\/21","targetHints":{"allow":["GET"]}}],"collection":[{"href":"https:\/\/artnaia.com\/index.php\/wp-json\/wp\/v2\/pages"}],"about":[{"href":"https:\/\/artnaia.com\/index.php\/wp-json\/wp\/v2\/types\/page"}],"author":[{"embeddable":true,"href":"https:\/\/artnaia.com\/index.php\/wp-json\/wp\/v2\/users\/1"}],"replies":[{"embeddable":true,"href":"https:\/\/artnaia.com\/index.php\/wp-json\/wp\/v2\/comments?post=21"}],"version-history":[{"count":6,"href":"https:\/\/artnaia.com\/index.php\/wp-json\/wp\/v2\/pages\/21\/revisions"}],"predecessor-version":[{"id":163,"href":"https:\/\/artnaia.com\/index.php\/wp-json\/wp\/v2\/pages\/21\/revisions\/163"}],"wp:featuredmedia":[{"embeddable":true,"href":"https:\/\/artnaia.com\/index.php\/wp-json\/wp\/v2\/media\/137"}],"wp:attachment":[{"href":"https:\/\/artnaia.com\/index.php\/wp-json\/wp\/v2\/media?parent=21"}],"curies":[{"name":"wp","href":"https:\/\/api.w.org\/{rel}","templated":true}]}}